{"id":1548,"date":"2022-08-11T08:09:04","date_gmt":"2022-08-11T08:09:04","guid":{"rendered":"https:\/\/themexriver.com\/wp\/broccoli\/?page_id=40"},"modified":"2024-12-03T11:53:39","modified_gmt":"2024-12-03T11:53:39","slug":"donde-estamos","status":"publish","type":"page","link":"https:\/\/frutasrius.com\/en\/donde-estamos","title":{"rendered":"Where are we?"},"content":{"rendered":"<div data-elementor-type=\"wp-page\" data-elementor-id=\"1548\" class=\"elementor elementor-1548\" data-elementor-post-type=\"page\">\n\t\t\t\t\t\t<section class=\"elementor-section elementor-top-section elementor-element elementor-element-e691c89 elementor-section-full_width elementor-section-height-default elementor-section-height-default\" data-id=\"e691c89\" data-element_type=\"section\" data-e-type=\"section\" data-settings=\"{&quot;background_background&quot;:&quot;classic&quot;}\">\n\t\t\t\t\t\t<div class=\"elementor-container elementor-column-gap-default\">\n\t\t\t\t\t<div class=\"elementor-column elementor-col-50 elementor-top-column elementor-element elementor-element-8d38d2b\" data-id=\"8d38d2b\" data-element_type=\"column\" data-e-type=\"column\">\n\t\t\t<div class=\"elementor-widget-wrap elementor-element-populated\">\n\t\t\t\t\t\t<div class=\"elementor-element elementor-element-d1839b7 elementor-widget elementor-widget-image\" data-id=\"d1839b7\" data-element_type=\"widget\" data-e-type=\"widget\" data-widget_type=\"image.default\">\n\t\t\t\t<div class=\"elementor-widget-container\">\n\t\t\t\t\t\t\t\t\t\t\t\t\t\t\t<img fetchpriority=\"high\" decoding=\"async\" width=\"1536\" height=\"972\" src=\"https:\/\/frutasrius.com\/wp-content\/uploads\/2024\/02\/DONDE_ESTAMOS_2n-1536x972.jpg\" class=\"attachment-1536x1536 size-1536x1536 wp-image-2782\" alt=\"\" srcset=\"https:\/\/frutasrius.com\/wp-content\/uploads\/2024\/02\/DONDE_ESTAMOS_2n-1536x972.jpg 1536w, https:\/\/frutasrius.com\/wp-content\/uploads\/2024\/02\/DONDE_ESTAMOS_2n-300x190.jpg 300w, https:\/\/frutasrius.com\/wp-content\/uploads\/2024\/02\/DONDE_ESTAMOS_2n-1024x648.jpg 1024w, https:\/\/frutasrius.com\/wp-content\/uploads\/2024\/02\/DONDE_ESTAMOS_2n-768x486.jpg 768w, https:\/\/frutasrius.com\/wp-content\/uploads\/2024\/02\/DONDE_ESTAMOS_2n-600x380.jpg 600w, https:\/\/frutasrius.com\/wp-content\/uploads\/2024\/02\/DONDE_ESTAMOS_2n.jpg 1600w\" sizes=\"(max-width: 1536px) 100vw, 1536px\" \/>\t\t\t\t\t\t\t\t\t\t\t\t\t\t\t<\/div>\n\t\t\t\t<\/div>\n\t\t\t\t\t<\/div>\n\t\t<\/div>\n\t\t\t\t<div class=\"elementor-column elementor-col-50 elementor-top-column elementor-element elementor-element-7b8b56f\" data-id=\"7b8b56f\" data-element_type=\"column\" data-e-type=\"column\">\n\t\t\t<div class=\"elementor-widget-wrap elementor-element-populated\">\n\t\t\t\t\t\t<div class=\"elementor-element elementor-element-9d71c13 elementor-widget elementor-widget-broccoli_about_us_v3\" data-id=\"9d71c13\" data-element_type=\"widget\" data-e-type=\"widget\" data-widget_type=\"broccoli_about_us_v3.default\">\n\t\t\t\t<div class=\"elementor-widget-container\">\n\t\t\t\t\t    \r\n    <!-- ABOUT US AREA START -->\r\n    <div class=\"ltn__about-us-area pb-115\">\r\n        <div class=\"container\">\r\n            <div class=\"row\">\r\n                                <div class=\"col-lg-7 align-self-center\">\r\n                    <div class=\"about-us-info-wrap\">\r\n                                                <div class=\"section-title-area ltn__section-title-2\">\r\n                            <h6 class=\"section-subtitle ltn__secondary-color\">\/\/ Trusted services<\/h6>                            <h1 class=\"section-title\"><h2><span style=\"color: #003300\">CERTIFIED PROCESSES<\/span><\/h2><\/h1>                            <p>We have implemented quality control systems throughout the process, from production in the field to the dispatch of the fruit at the plant. We have GLOBAL GAP certification, a guarantee of sustainability and food safety. <br><br>Our facilities and human team allow us to adapt to the demands of the market. Years of experience in the sector, together with the use of technologically advanced equipment, allow us to make quality products.<\/p>                        <\/div>\r\n                                                <div class=\"about-us-info-wrap-inner about-us-info-devide\">\r\n                            <p>Our headquarters is located on a plot of 17,350 m<sup>2<\/sup>, of which 7,623 are built. These include a reception and dispatch area, packaging rooms and cold rooms with the capacity to preserve up to 4,860 tons of fruit.<\/p>                                                    <\/div>\r\n                    <\/div>\r\n                <\/div>\r\n            <\/div>\r\n        <\/div>\r\n    <\/div>\r\n    <!-- ABOUT US AREA END -->\r\n \r\n    \t\t\t\t<\/div>\n\t\t\t\t<\/div>\n\t\t\t\t\t<\/div>\n\t\t<\/div>\n\t\t\t\t\t<\/div>\n\t\t<\/section>\n\t\t\t\t<\/div>","protected":false},"excerpt":{"rendered":"<p>\/\/ SERVICIOS DE CONFIANZA PROCESOS CERTIFICADOS Hemos implantado sistemas de control de calidad en todo el proceso, desde la producci\u00f3n a campo hasta la expedici\u00f3n de la fruta en la central. Disponemos de la certificaci\u00f3n GLOBAL GAP, garant\u00eda de sostenibilidad y seguridad alimentaria. Nuestras instalaciones y equipo humano nos permiten adaptarnos a las exigencias del [&hellip;]<\/p>\n","protected":false},"author":1,"featured_media":0,"parent":0,"menu_order":0,"comment_status":"closed","ping_status":"closed","template":"tpl-default-elementor.php","meta":{"footnotes":""},"class_list":["post-1548","page","type-page","status-publish","hentry"],"_links":{"self":[{"href":"https:\/\/frutasrius.com\/en\/wp-json\/wp\/v2\/pages\/1548","targetHints":{"allow":["GET"]}}],"collection":[{"href":"https:\/\/frutasrius.com\/en\/wp-json\/wp\/v2\/pages"}],"about":[{"href":"https:\/\/frutasrius.com\/en\/wp-json\/wp\/v2\/types\/page"}],"author":[{"embeddable":true,"href":"https:\/\/frutasrius.com\/en\/wp-json\/wp\/v2\/users\/1"}],"replies":[{"embeddable":true,"href":"https:\/\/frutasrius.com\/en\/wp-json\/wp\/v2\/comments?post=1548"}],"version-history":[{"count":104,"href":"https:\/\/frutasrius.com\/en\/wp-json\/wp\/v2\/pages\/1548\/revisions"}],"predecessor-version":[{"id":3043,"href":"https:\/\/frutasrius.com\/en\/wp-json\/wp\/v2\/pages\/1548\/revisions\/3043"}],"wp:attachment":[{"href":"https:\/\/frutasrius.com\/en\/wp-json\/wp\/v2\/media?parent=1548"}],"curies":[{"name":"wp","href":"https:\/\/api.w.org\/{rel}","templated":true}]}}